{"id":721,"date":"2019-08-06T01:05:07","date_gmt":"2019-08-05T22:05:07","guid":{"rendered":"http:\/\/www.onkolojihemsireligi.com\/?page_id=721"},"modified":"2025-07-30T18:02:36","modified_gmt":"2025-07-30T15:02:36","slug":"scientific-programme","status":"publish","type":"page","link":"https:\/\/www.onkolojihemsireligi.com\/eng\/en\/scientific-programme\/","title":{"rendered":"Scientific Programme"},"content":{"rendered":"<div id='layer_slider_1'  class='avia-layerslider main_color avia-shadow  avia-builder-el-0  el_before_av_heading  avia-builder-el-first  container_wrap sidebar_right' style='  height: 301px; max-width: 1366px; margin: 0 auto;' ><\/div><div id='after_layer_slider_1'  class='main_color av_default_container_wrap container_wrap sidebar_right' style=' '  ><div class='container' ><div class='template-page content  av-content-small alpha units'><div class='post-entry post-entry-type-page post-entry-721'><div class='entry-content-wrapper clearfix'>\n<div  style='padding-bottom:10px; ' class='av-special-heading av-special-heading-h2  blockquote modern-quote modern-centered  avia-builder-el-1  el_after_av_layerslider  el_before_av_textblock  avia-builder-el-first'><h2 class='av-special-heading-tag'  itemprop=\"headline\"  >SCIENTIFIC PROGRAMME<\/h2><div class='special-heading-border'><div class='special-heading-inner-border' ><\/div><\/div><\/div>\n<section class=\"av_textblock_section\"  itemscope=\"itemscope\" itemtype=\"https:\/\/schema.org\/CreativeWork\" ><div class='avia_textblock'   itemprop=\"text\" ><table border=\"1\" width=\"100%\">\n<tbody>\n<tr>\n<td colspan=\"2\" scope=\"col\">\n<h3><span style=\"color: #800000;\">27 NOVEMBER 2025 &#8211; THURSDAY<\/span><\/h3>\n<\/td>\n<\/tr>\n<tr>\n<td width=\"7%\">08.00-09.00<\/td>\n<td>Registration<\/td>\n<\/tr>\n<tr>\n<td>09.00-09.30<\/td>\n<td><strong>Opening Speeches<\/strong><br \/>\nDirector of Health Services D\u00f6ne SELV\u0130<br \/>\nProf. Dr. Fevzi ALTUNTA\u015e<br \/>\nProf. Dr. Fatma \u0130lknur \u00c7INAR<br \/>\nProf. Dr. Kemalettin AYDIN*<\/td>\n<\/tr>\n<tr>\n<td colspan=\"2\">\n<h4><span style=\"color: #000080;\"><strong>Keynote Speech &#8211; Protecting Youth from Tobacco and Lung Cancer: Be the Breath of the Future!<\/strong><\/span><\/h4>\n<\/td>\n<\/tr>\n<tr>\n<td>09.30-10.00<\/td>\n<td><strong>Session Chairs: <\/strong>Prof. Dr. Kemalettin AYDIN, Prof. Dr. Fevzi ALTUNTA\u015e<strong><br \/>\nSpeaker:<\/strong> Prof. Dr. Cevdet ERD\u00d6L<\/td>\n<\/tr>\n<tr>\n<td>10.00-10.15<\/td>\n<td>Coffee Break<\/td>\n<\/tr>\n<tr>\n<td colspan=\"2\">\n<h4><span style=\"color: #000080;\"><strong>Session 1 &#8211; New Horizons; A Visionary Perspective in Cancer Nursing<\/strong><\/span><\/h4>\n<\/td>\n<\/tr>\n<tr>\n<td colspan=\"2\"><strong>Session Chairs:<\/strong> Prof. Dr. Sultan KAV, Prof. Dr. Nazan \u00c7\u0130LEDA\u011e<\/td>\n<\/tr>\n<tr>\n<td>10.15-10.35<\/td>\n<td><strong>Shaping the Future: New Roles and Competencies of Oncology Nurses<\/strong><br \/>\nDr. Helena ULLGREN<\/td>\n<\/tr>\n<tr>\n<td>10.35-10.55<\/td>\n<td><strong>Inspired by Leadership: Strong Career Steps in Cancer Nursing<\/strong><br \/>\nDr. Virpi SULOSAARI<\/td>\n<\/tr>\n<tr>\n<td>10.55-11.15<\/td>\n<td><strong>What Will Digitalization in Healthcare Change in Oncology Nursing?<\/strong><br \/>\nRepresentative of the Ministry of Health<\/td>\n<\/tr>\n<tr>\n<td>11.15-11.25<\/td>\n<td>Discussion<\/td>\n<\/tr>\n<tr>\n<td colspan=\"2\">\n<h4><span style=\"color: #000080;\"><strong>Keynote Speech &#8211; The Power of Compassionate Care in Oncology Nursing<\/strong><\/span><\/h4>\n<\/td>\n<\/tr>\n<tr>\n<td>11.25-11.55<\/td>\n<td><strong>Session Chair:<\/strong> Prof. Dr. \u00c7i\u011fdem Y\u00dcKSEL<br \/>\n<strong>Speaker:<\/strong> Prof. Dr. Perihan G\u00dcNER<\/td>\n<\/tr>\n<tr>\n<td colspan=\"2\">\n<h4><span style=\"color: #000080;\"><strong>Session 2 &#8211; From Evidence to Practice \u2013 Empowering Nursing through Science<\/strong><\/span><\/h4>\n<\/td>\n<\/tr>\n<tr>\n<td colspan=\"2\"><strong>Session Chairs:<\/strong> Prof. Dr. \u0130matullah AKYAR, Prof. Dr. Necati ALKI\u015e<\/td>\n<\/tr>\n<tr>\n<td>11.55-12.15<\/td>\n<td><strong>Making Clinical Decisions with Current Evidence; Are We Able to Transfer Practices into Clinics?<\/strong><br \/>\nProf. Dr. G\u00fclbeyaz CAN<\/td>\n<\/tr>\n<tr>\n<td>12.15-12.35<\/td>\n<td><strong>The Road to Success: Evidence-Based Practice Examples in Oncology Nursing<\/strong><br \/>\nAssoc. Prof. Dr. Paz FERNANDEZ-ORTEGA<\/td>\n<\/tr>\n<tr>\n<td>12.35-12.45<\/td>\n<td>Discussion<\/td>\n<\/tr>\n<tr>\n<td>12.45-13.45<\/td>\n<td>Lunch<\/td>\n<\/tr>\n<tr>\n<td colspan=\"2\">\n<h4><span style=\"color: #000080;\"><strong>Keynote Speech &#8211; From Fatigue to Vitality: Use of Psychodrama in Reinvigorating Internal Motivation of Oncology Nurses<\/strong><\/span><\/h4>\n<\/td>\n<\/tr>\n<tr>\n<td>13.45-14.45<\/td>\n<td><strong>Session Chair:<\/strong> Prof. Dr. G\u00fclten G\u00dcVEN\u00c7 <strong><br \/>\nSpeaker:<\/strong> Dr. Stylianos N. LAGARAKIS<\/td>\n<\/tr>\n<tr>\n<td colspan=\"2\">\n<h4><span style=\"color: #000080;\"><strong>Session 3 &#8211; Palliative Care in Oncology<\/strong><\/span><\/h4>\n<\/td>\n<\/tr>\n<tr>\n<td colspan=\"2\"><strong>Session Chairs:<\/strong> Prof. Dr. Sevin\u00e7 KUTLUT\u00dcRKAN, Prof. Dr. Gonca O\u011eUZ<\/td>\n<\/tr>\n<tr>\n<td>14.45-15.05<\/td>\n<td><strong>Oncological Palliative Care: Case of Ankara Oncology Hospital<\/strong><br \/>\nNurse \u015eerife KARACA<\/td>\n<\/tr>\n<tr>\n<td>15.05-15.25<\/td>\n<td><strong>Global Perspective of Good Practices in Palliative Care<\/strong><br \/>\nProf. Dr. Erna ROCHMAWATI<\/td>\n<\/tr>\n<tr>\n<td>15.25-15.35<\/td>\n<td>Discussion<\/td>\n<\/tr>\n<tr>\n<td>15.35-15.50<\/td>\n<td>Coffee Break<\/td>\n<\/tr>\n<tr>\n<td colspan=\"2\">\n<h4><span style=\"color: #000080;\"><strong>Keynote Speech &#8211; From Professional Silence to Meaningful Dialogue: The Art of Talking about Death<\/strong><\/span><\/h4>\n<\/td>\n<\/tr>\n<tr>\n<td>15.50-16.20<\/td>\n<td><strong>Session Chairs:<\/strong> Prof. Dr. Emine \u00d6KS\u00dcZ, Prof. Dr. Ali \u00c7AYK\u00d6YL\u00dc<br \/>\n<strong>Speaker:<\/strong> Prof. Dr. Figen \u0130NC\u0130<\/td>\n<\/tr>\n<tr>\n<td>16.20-17.00<\/td>\n<td><strong>WORKSHOP &#8211; REIKI<\/strong><br \/>\nProf. Dr. Sabire YURTSEVER<\/td>\n<\/tr>\n<tr>\n<td colspan=\"2\">\n<h3><span style=\"color: #800000;\">28 NOVEMBER 2025 \u2013 FRIDAY<\/span><\/h3>\n<\/td>\n<\/tr>\n<tr>\n<td colspan=\"2\">\n<h4><span style=\"color: #000080;\"><strong>Session 4 &#8211; Symptom Management in Oncology Patients-I<\/strong><\/span><\/h4>\n<\/td>\n<\/tr>\n<tr>\n<td colspan=\"2\"><strong>Session Chairs:<\/strong> Prof. Dr. Azize KARAHAN, Prof. Dr. Hatice AYHAN, Director of Health Services D\u00f6ne SELV\u0130<\/td>\n<\/tr>\n<tr>\n<td>09.00-09.20<\/td>\n<td><strong>Venous Catheter Care in Oncology: Which Evidence for Which Catheter?<\/strong><br \/>\nSpecialist Nurse Figen BAY<\/td>\n<\/tr>\n<tr>\n<td>09.20-09.40<\/td>\n<td><strong>Nausea-Vomiting: Is It the Destiny of Oncology Patients?<\/strong><br \/>\nAssoc. Prof. Dr. Ne\u015fe UYSAL<\/td>\n<\/tr>\n<tr>\n<td>09.40-10.00<\/td>\n<td><strong>Bone Marrow Suppression: Nursing Diagnosis, Monitoring and Intervention Strategies<\/strong><br \/>\nDr. Canan P\u00d6R\u00dcC\u00dc<\/td>\n<\/tr>\n<tr>\n<td>10.00-10.10<\/td>\n<td>Discussion<\/td>\n<\/tr>\n<tr>\n<td>10.10-10.25<\/td>\n<td>Coffee Break<\/td>\n<\/tr>\n<tr>\n<td colspan=\"2\">\n<h4><span style=\"color: #000080;\"><strong>Session 5 &#8211; Symptom Management in Oncology Patients -II<\/strong><\/span><\/h4>\n<\/td>\n<\/tr>\n<tr>\n<td colspan=\"2\"><strong>Session Chairs:<\/strong> Prof. Dr. Sevgisun KAPUCU, Assist. Prof. M\u00fcjgan ONARICI, Assoc. Prof. Dr. Fatih YILDIZ<\/td>\n<\/tr>\n<tr>\n<td>10.25-10.45<\/td>\n<td><strong>Symptom Management in Next Generation Therapies<\/strong><br \/>\nNurse Ay\u015fe KABLAN<\/td>\n<\/tr>\n<tr>\n<td>10.45-11.05<\/td>\n<td><strong>Ending Cancer Pain: Effective Assessment and Management<\/strong><br \/>\nSpecialist Nurse K\u00fcbra \u00c7ITLAK<\/td>\n<\/tr>\n<tr>\n<td>11.05-11.25<\/td>\n<td><strong>Hidden Threat Sarcopenia: How Aware Are We in Oncology Patients?<\/strong><br \/>\nSpecialist Dr. Bet\u00fcl G\u00fcls\u00fcm YAVUZ VE\u0130Z\u0130<\/td>\n<\/tr>\n<tr>\n<td>11.25-11.35<\/td>\n<td>Discussion<\/td>\n<\/tr>\n<tr>\n<td colspan=\"2\">\n<h4><span style=\"color: #000080;\"><strong>Keynote Speech &#8211; Changing Climate, Changing Cells: Hidden Dynamics of Cancer &#8211; Climate and Hormones<\/strong><\/span><\/h4>\n<\/td>\n<\/tr>\n<tr>\n<td>11.35-12.05<\/td>\n<td><strong>Session Chair:<\/strong> Prof. Dr. T\u00fclay BA\u015eAK<br \/>\n<strong>Speaker:<\/strong> Assoc. Prof. Dr. Arzu OR KOCA<\/td>\n<\/tr>\n<tr>\n<td colspan=\"2\">\n<h4><span style=\"color: #000080;\"><strong>Session 6 &#8211; New Horizons in Cancer Prevention<\/strong><\/span><\/h4>\n<\/td>\n<\/tr>\n<tr>\n<td colspan=\"2\"><strong>Session Chairs:<\/strong> Prof. Dr. Emine \u0130Y\u0130G\u00dcN, Prof. Dr. \u00d6zge \u00d6ZALP<\/td>\n<\/tr>\n<tr>\n<td>12.05-12.25<\/td>\n<td><strong>Genetics as Destiny or Epigenetics as a Solution?<\/strong><br \/>\nSpecialist Dr. Hande Nur CESUR BALTACI<\/td>\n<\/tr>\n<tr>\n<td>12.25-12.45<\/td>\n<td><strong>The Power of Gut Flora: Is It Possible to Prevent Cancer with the Microbiota?<\/strong><br \/>\nProf. Dr. Tu\u011fba DAL<\/td>\n<\/tr>\n<tr>\n<td>12.45-12.55<\/td>\n<td>Discussion<\/td>\n<\/tr>\n<tr>\n<td>12.55-14.00<\/td>\n<td>Lunch<\/td>\n<\/tr>\n<tr>\n<td colspan=\"2\">\n<h4><span style=\"color: #000080;\"><strong>Keynote Speech &#8211; The Role and Importance of Oncology Nursing in National Health Strategies<\/strong><\/span><\/h4>\n<\/td>\n<\/tr>\n<tr>\n<td>14.00-14.30<\/td>\n<td><strong>Session Chair:<\/strong> Prof. Dr. Dilek YILDIZ<br \/>\n<strong>Speaker:<\/strong> Representative of the Ministry of Health<\/td>\n<\/tr>\n<tr>\n<td colspan=\"2\">\n<h4><span style=\"color: #000080;\"><strong>Session 7 &#8211; Being a Caregiver of a Cancer Patient<\/strong><\/span><\/h4>\n<\/td>\n<\/tr>\n<tr>\n<td colspan=\"2\"><strong>Session Chairs:<\/strong> Prof. Dr. Fatma \u0130lknur \u00c7INAR, Prof. Dr. \u00dclk\u00fc G\u00d6RG\u00dcL\u00dc POLAT<\/td>\n<\/tr>\n<tr>\n<td>14.30-14.50<\/td>\n<td><strong>The Burden of Caregivers of Cancer Patients<\/strong><br \/>\nAssist. Prof. Dr. Akile KARAASLAN E\u015eER<\/td>\n<\/tr>\n<tr>\n<td>14.50-15.10<\/td>\n<td><strong>How Can We Empower Caregivers?<\/strong><br \/>\nPsychologist Ay\u015fe \u00c7A\u011eLAR<\/td>\n<\/tr>\n<tr>\n<td>15.10-15.20<\/td>\n<td>Discussion<\/td>\n<\/tr>\n<tr>\n<td>15.20-15.35<\/td>\n<td>Coffee Break<\/td>\n<\/tr>\n<tr>\n<td colspan=\"2\">\n<h4><span style=\"color: #000080;\"><strong>Panel &#8211; Oncological Rehabilitation<\/strong><\/span><\/h4>\n<\/td>\n<\/tr>\n<tr>\n<td colspan=\"2\"><strong>Session Chairs:<\/strong> Prof. Dr. G\u00fcls\u00fcm Nihal \u00c7\u00dcR\u00dcK, Prof. Dr. Elif \u00dcNSAL AVDAL<\/td>\n<\/tr>\n<tr>\n<td>15.35-15.50<\/td>\n<td><strong>Prehabilitation and Rehabilitation in Oncology: Improving Patient Outcomes<\/strong><br \/>\nSpecialist Nurse Esra ATAKUL<\/td>\n<\/tr>\n<tr>\n<td>15.50-16.05<\/td>\n<td><strong>Social Empowerment in Living with Cancer<\/strong><br \/>\nSocial Worker Arzu \u0130NCED\u0130\u015e<\/td>\n<\/tr>\n<tr>\n<td>16.05-16.20<\/td>\n<td><strong>Functional Strengthening in Oncological Rehabilitation<\/strong><br \/>\nProf. Dr. Oya YEM\u0130\u015e\u00c7\u0130<\/td>\n<\/tr>\n<tr>\n<td>16.20-16.35<\/td>\n<td><strong>Psychosocial Support in Oncological Rehabilitation<\/strong><br \/>\nAssoc. Prof. Dr. Ahmet KOKURCAN<\/td>\n<\/tr>\n<tr>\n<td>16.35<\/td>\n<td>Closing Remarks<\/td>\n<\/tr>\n<\/tbody>\n<\/table>\n<p>* upon arrival<\/p>\n<\/div><\/section>","protected":false},"excerpt":{"rendered":"","protected":false},"author":3,"featured_media":0,"parent":0,"menu_order":0,"comment_status":"closed","ping_status":"closed","template":"","meta":{"footnotes":""},"class_list":["post-721","page","type-page","status-publish","hentry"],"_links":{"self":[{"href":"https:\/\/www.onkolojihemsireligi.com\/eng\/en\/wp-json\/wp\/v2\/pages\/721","targetHints":{"allow":["GET"]}}],"collection":[{"href":"https:\/\/www.onkolojihemsireligi.com\/eng\/en\/wp-json\/wp\/v2\/pages"}],"about":[{"href":"https:\/\/www.onkolojihemsireligi.com\/eng\/en\/wp-json\/wp\/v2\/types\/page"}],"author":[{"embeddable":true,"href":"https:\/\/www.onkolojihemsireligi.com\/eng\/en\/wp-json\/wp\/v2\/users\/3"}],"replies":[{"embeddable":true,"href":"https:\/\/www.onkolojihemsireligi.com\/eng\/en\/wp-json\/wp\/v2\/comments?post=721"}],"version-history":[{"count":29,"href":"https:\/\/www.onkolojihemsireligi.com\/eng\/en\/wp-json\/wp\/v2\/pages\/721\/revisions"}],"predecessor-version":[{"id":1094,"href":"https:\/\/www.onkolojihemsireligi.com\/eng\/en\/wp-json\/wp\/v2\/pages\/721\/revisions\/1094"}],"wp:attachment":[{"href":"https:\/\/www.onkolojihemsireligi.com\/eng\/en\/wp-json\/wp\/v2\/media?parent=721"}],"curies":[{"name":"wp","href":"https:\/\/api.w.org\/{rel}","templated":true}]}}