{"id":729,"date":"2019-08-06T02:45:46","date_gmt":"2019-08-05T23:45:46","guid":{"rendered":"http:\/\/www.onkolojihemsireligi.com\/?page_id=729"},"modified":"2025-06-24T01:00:08","modified_gmt":"2025-06-23T22:00:08","slug":"registration","status":"publish","type":"page","link":"https:\/\/www.onkolojihemsireligi.com\/eng\/en\/registration\/","title":{"rendered":"Registration"},"content":{"rendered":"<div id='layer_slider_1'  class='avia-layerslider main_color avia-shadow  avia-builder-el-0  el_before_av_heading  avia-builder-el-first  container_wrap sidebar_right' style='  height: 301px; max-width: 1366px; margin: 0 auto;' ><\/div><div id='after_layer_slider_1'  class='main_color av_default_container_wrap container_wrap sidebar_right' style=' '  ><div class='container' ><div class='template-page content  av-content-small alpha units'><div class='post-entry post-entry-type-page post-entry-729'><div class='entry-content-wrapper clearfix'>\n<div  style='padding-bottom:10px; ' class='av-special-heading av-special-heading-h2  blockquote modern-quote modern-centered  avia-builder-el-1  el_after_av_layerslider  el_before_av_textblock  avia-builder-el-first'><h2 class='av-special-heading-tag'  itemprop=\"headline\"  >REGISTRATION<\/h2><div class='special-heading-border'><div class='special-heading-inner-border' ><\/div><\/div><\/div>\n<section class=\"av_textblock_section\"  itemscope=\"itemscope\" itemtype=\"https:\/\/schema.org\/CreativeWork\" ><div class='avia_textblock'   itemprop=\"text\" ><p>The authors of the abstracts are required to complete their payment and registration processes by <strong>October 10, 2025<\/strong>.<\/p>\n<p><strong>CONGRESS REGISTRATION<\/strong><\/p>\n<table>\n<tbody>\n<tr>\n<td width=\"201\"><\/td>\n<td width=\"201\"><strong>Early Registration (until October 10, 2025)<\/strong><\/td>\n<td width=\"201\"><strong>Late Registration<\/strong><\/td>\n<\/tr>\n<tr>\n<td width=\"201\">Participant<\/td>\n<td width=\"201\">120 EUR<\/td>\n<td width=\"201\">140 EUR<\/td>\n<\/tr>\n<tr>\n<td width=\"201\">Student (Undergraduate only)<\/td>\n<td width=\"201\">70 EUR<\/td>\n<td width=\"201\">80 EUR<\/td>\n<\/tr>\n<\/tbody>\n<\/table>\n<p>Registration fees include participation in scientific activities and a participation certificate.<\/p>\n<p><strong>BANK ACCOUNT DETAILS<\/strong><\/p>\n<p><strong>Account Name:<\/strong> Bilkon Congress Organization Trade Limited Company<br \/>\n<strong>Address:<\/strong> Ala\u00e7am Sk. Tu-Ba Business Center. 10\/5 \u2013 06690 \u00c7ankaya\/Ankara<br \/>\n<strong>Bank:<\/strong> Garanti Bankas\u0131<br \/>\n<strong>Branch:<\/strong> Sincan \u00c7ar\u015f\u0131<br \/>\n<strong>Account Number:<\/strong><br \/>\n<strong>IBAN:<\/strong><\/p>\n<p><strong>CANCELLATION POLICY<\/strong><\/p>\n<p>If the participation is canceled by <strong>October 10, 2025 <\/strong>the full registration fee will be refunded. No refunds will be made for cancellations after this date. All refund procedures will be carried out after the congress.<\/p>\n<\/div><\/section>\n<div class=\"flex_column av_one_full  flex_column_div av-zero-column-padding first  avia-builder-el-3  el_after_av_textblock  avia-builder-el-last  column-top-margin\" style='border-radius:0px; '><div  class='avia-button-wrap avia-button-center  avia-builder-el-4  avia-builder-el-no-sibling' ><a href='#'  class='avia-button  avia-color-theme-color   avia-icon_select-no avia-size-x-large avia-position-center'   ><span class='avia_iconbox_title' >Online Registration<\/span><\/a><\/div><\/div>","protected":false},"excerpt":{"rendered":"","protected":false},"author":3,"featured_media":0,"parent":0,"menu_order":0,"comment_status":"closed","ping_status":"closed","template":"","meta":{"footnotes":""},"class_list":["post-729","page","type-page","status-publish","hentry"],"_links":{"self":[{"href":"https:\/\/www.onkolojihemsireligi.com\/eng\/en\/wp-json\/wp\/v2\/pages\/729","targetHints":{"allow":["GET"]}}],"collection":[{"href":"https:\/\/www.onkolojihemsireligi.com\/eng\/en\/wp-json\/wp\/v2\/pages"}],"about":[{"href":"https:\/\/www.onkolojihemsireligi.com\/eng\/en\/wp-json\/wp\/v2\/types\/page"}],"author":[{"embeddable":true,"href":"https:\/\/www.onkolojihemsireligi.com\/eng\/en\/wp-json\/wp\/v2\/users\/3"}],"replies":[{"embeddable":true,"href":"https:\/\/www.onkolojihemsireligi.com\/eng\/en\/wp-json\/wp\/v2\/comments?post=729"}],"version-history":[{"count":14,"href":"https:\/\/www.onkolojihemsireligi.com\/eng\/en\/wp-json\/wp\/v2\/pages\/729\/revisions"}],"predecessor-version":[{"id":1079,"href":"https:\/\/www.onkolojihemsireligi.com\/eng\/en\/wp-json\/wp\/v2\/pages\/729\/revisions\/1079"}],"wp:attachment":[{"href":"https:\/\/www.onkolojihemsireligi.com\/eng\/en\/wp-json\/wp\/v2\/media?parent=729"}],"curies":[{"name":"wp","href":"https:\/\/api.w.org\/{rel}","templated":true}]}}