{"id":20,"date":"2017-04-08T02:09:57","date_gmt":"2017-04-07T23:09:57","guid":{"rendered":"http:\/\/www.nadirhastaliklar.org.tr\/?page_id=20"},"modified":"2025-06-24T00:40:15","modified_gmt":"2025-06-23T21:40:15","slug":"home","status":"publish","type":"page","link":"https:\/\/www.onkolojihemsireligi.com\/eng\/","title":{"rendered":"Home"},"content":{"rendered":"<div id='layer_slider_1'  class='avia-layerslider main_color avia-shadow  avia-builder-el-0  el_before_av_heading  avia-builder-el-first  container_wrap sidebar_right' style='  height: 301px; max-width: 1366px; margin: 0 auto;' ><\/div><div id='after_layer_slider_1'  class='main_color av_default_container_wrap container_wrap sidebar_right' style=' '  ><div class='container' ><div class='template-page content  av-content-small alpha units'><div class='post-entry post-entry-type-page post-entry-20'><div class='entry-content-wrapper clearfix'>\n<div  style='padding-bottom:10px; ' class='av-special-heading av-special-heading-h3    avia-builder-el-1  el_after_av_layerslider  el_before_av_textblock  avia-builder-el-first  '><h3 class='av-special-heading-tag '  itemprop=\"headline\"  >Welcome<\/h3><div class='special-heading-border'><div class='special-heading-inner-border' ><\/div><\/div><\/div>\n<section class=\"av_textblock_section \"  itemscope=\"itemscope\" itemtype=\"https:\/\/schema.org\/CreativeWork\" ><div class='avia_textblock  '   itemprop=\"text\" ><p><strong>Dear Colleagues<\/strong>,<\/p>\n<div class=\"flex flex-grow flex-col gap-3\">\n<div class=\"min-h-&#091;20px&#093; flex flex-col items-start gap-4 whitespace-pre-wrap\">\n<div class=\"markdown prose w-full break-words dark:prose-invert dark\">\n<p>We are pleased to announce that the <strong>7th International and 8th National Oncology Nursing Congress<\/strong> will be held in <strong>Ankara between November 26\u201328, 2025<\/strong>, in collaboration with the <strong>University of Health Sciences G\u00fclhane Faculty of Nursing<\/strong>, <strong>Dr. Abdurrahman Yurtaslan Ankara Oncology Training and Research Hospital<\/strong>, and the <strong>Ankara Hematology and Oncology Association<\/strong>. We would be honored to welcome you to our congress, where current and innovative approaches in oncology nursing will be discussed on an international platform.<\/p>\n<p>This year, under the main theme <strong>&#8220;Living with Cancer: Knowledge, Experience, Strength, and Compassion,&#8221;<\/strong> the latest developments in the field of oncology will be addressed through courses, conferences, panels, and case sessions by leading national and international speakers. Your contributions in the form of abstracts and presentations will greatly enhance the scientific value of our congress.<\/p>\n<p>Nurses, who stand beside cancer patients and their families throughout their journey, are an indispensable part of healthcare services. The dedication and professionalism they display while confronting daily challenges highlight the true value of oncology nursing. Through this theme, we aim to emphasize the multidimensional nature of living with cancer and the critical role of oncology nurses in this process.<\/p>\n<p>Oncology nursing is a unique field that goes beyond knowledge and skills\u2014it requires deep empathy and compassion. Therefore, our congress will serve as a platform not only for sharing scientific knowledge but also for exchanging valuable experiences that strengthen the bond between nurses, patients, and their families. We hope that this congress will empower oncology nurses in their roles throughout the diagnosis, treatment, and care processes of cancer and provide an opportunity for colleagues to come together and share their experiences.<\/p>\n<p>We cordially invite all nurses working in or interested in oncology, healthcare professionals, and students to join our congress and extend our warmest regards.<\/p>\n<\/div>\n<\/div>\n<\/div>\n<table border=\"0\" width=\"100%\" cellspacing=\"0\" cellpadding=\"0\">\n<tbody>\n<tr>\n<td height=\"70\"><strong>Congress Presidents<\/strong><br \/>\nProf. Dr. Fevzi Altunta\u015f<br \/>\nProf. Dr. Fatma \u0130lknur \u00c7\u0131nar<\/td>\n<td>\n<div align=\"right\"><strong>\u00a0<\/strong><\/div>\n<\/td>\n<\/tr>\n<\/tbody>\n<\/table>\n<h3>Time Remaing to Congress <div class=\"ycd-all-content-wrapper ycd-countdown-content-wrapper-686\"><div class=\"ycd-countdown-wrapper\"><div class=\"ycd-circle-expiration-before-countdown\" style=\"display: none\"><\/div><div class=\"ycd-circle-before-countdown\"><\/div>        <div class=\"ycd-circle-686-wrapper ycd-circle-wrapper\">\n            <div id=\"ycd-circle-686\" class=\"ycd-time-circle\" data-options='{&quot;id&quot;:686,&quot;ycd-seconds&quot;:-12154076,&quot;ycd-countdown-date-type&quot;:&quot;dueDate&quot;,&quot;ycd-countdown-duration-days&quot;:&quot;0&quot;,&quot;ycd-countdown-duration-hours&quot;:&quot;0&quot;,&quot;ycd-countdown-duration-minutes&quot;:&quot;0&quot;,&quot;ycd-countdown-duration-seconds&quot;:&quot;30&quot;,&quot;ycd-countdown-save-duration&quot;:&quot;&quot;,&quot;ycd-countdown-save-duration-each-user&quot;:&quot;&quot;,&quot;ycd-date-time-picker&quot;:&quot;2025-11-27 09:00&quot;,&quot;ycd-time-zone&quot;:&quot;America\\\/New_York&quot;,&quot;ycd-countdown-restart&quot;:&quot;&quot;,&quot;ycd-countdown-restart-hour&quot;:&quot;1&quot;,&quot;ycd-countdown-expire-behavior&quot;:&quot;hideCountdown&quot;,&quot;ycd-count-up-from-end-date&quot;:&quot;&quot;,&quot;ycd-countdown-enable-woo-condition&quot;:&quot;&quot;,&quot;ycd-woo-condition&quot;:&quot;disabled&quot;,&quot;ycd-scroll-to-countdown&quot;:&quot;&quot;,&quot;isExpired&quot;:true,&quot;animation&quot;:&quot;smooth&quot;,&quot;direction&quot;:&quot;Clockwise&quot;,&quot;fg_width&quot;:&quot;0.1&quot;,&quot;bg_width&quot;:&quot;1.2&quot;,&quot;start_angle&quot;:&quot;0&quot;,&quot;count_past_zero&quot;:false,&quot;circle_bg_color&quot;:&quot;#60686F&quot;,&quot;use_background&quot;:&quot;checked&quot;,&quot;ycd-schedule-time-zone&quot;:&quot;&quot;,&quot;startDay&quot;:null,&quot;startDayNumber&quot;:null,&quot;endDay&quot;:null,&quot;endDayNumber&quot;:null,&quot;currentDayNumber&quot;:null,&quot;ycd-schedule-end-to&quot;:&quot;&quot;,&quot;ycd-schedule-start-from&quot;:&quot;&quot;,&quot;ycd-countdown-showing-limitation&quot;:&quot;&quot;,&quot;ycd-countdown-expiration-time&quot;:&quot;1&quot;,&quot;ycd-countdown-switch-number&quot;:&quot;&quot;,&quot;time&quot;:{&quot;Years&quot;:{&quot;text&quot;:&quot;Years&quot;,&quot;color&quot;:&quot;#A52A2A&quot;,&quot;show&quot;:&quot;&quot;},&quot;Months&quot;:{&quot;text&quot;:&quot;Months&quot;,&quot;color&quot;:&quot;#8A2BE2&quot;,&quot;show&quot;:&quot;&quot;},&quot;Days&quot;:{&quot;text&quot;:&quot;DAY&quot;,&quot;color&quot;:&quot;#FFCC66&quot;,&quot;show&quot;:&quot;checked&quot;},&quot;Hours&quot;:{&quot;text&quot;:&quot;HOURS&quot;,&quot;color&quot;:&quot;#99CCFF&quot;,&quot;show&quot;:&quot;checked&quot;},&quot;Minutes&quot;:{&quot;text&quot;:&quot;MINUTES&quot;,&quot;color&quot;:&quot;#BBFFBB&quot;,&quot;show&quot;:&quot;checked&quot;},&quot;Seconds&quot;:{&quot;text&quot;:&quot;SECOND&quot;,&quot;color&quot;:&quot;#FF9999&quot;,&quot;show&quot;:&quot;checked&quot;}}}' data-all-options='{&quot;ycd-fixed-position&quot;:&quot;top_left&quot;,&quot;ycd-fixed-positions-top&quot;:&quot;0px&quot;,&quot;ycd-fixed-positions-right&quot;:&quot;0px&quot;,&quot;ycd-fixed-positions-bottom&quot;:&quot;0px&quot;,&quot;ycd-fixed-positions-left&quot;:&quot;0px&quot;,&quot;ycd-position-countdown&quot;:&quot;bottom_center&quot;,&quot;ycd-display-settings&quot;:[{&quot;key1&quot;:&quot;all_page&quot;,&quot;key2&quot;:&quot;is&quot;,&quot;key3&quot;:[]}],&quot;ycd-countdown-date-type&quot;:&quot;dueDate&quot;,&quot;ycd-date-time-picker&quot;:&quot;2025-11-27 09:00&quot;,&quot;ycd-circle-time-zone&quot;:&quot;America\\\/New_York&quot;,&quot;ycd-woo-time-zone&quot;:&quot;Pacific\\\/Midway&quot;,&quot;ycd-woo-coupon-date&quot;:&quot;&quot;,&quot;ycd-countdown-restart-hour&quot;:&quot;1&quot;,&quot;ycd-countdown-duration-days&quot;:&quot;0&quot;,&quot;ycd-countdown-duration-hours&quot;:&quot;0&quot;,&quot;ycd-countdown-duration-minutes&quot;:&quot;0&quot;,&quot;ycd-countdown-duration-seconds&quot;:&quot;30&quot;,&quot;ycd-schedule-time-zone&quot;:&quot;&quot;,&quot;ycd-schedule-start-from&quot;:&quot;&quot;,&quot;ycd-schedule-end-to&quot;:&quot;&quot;,&quot;ycd-schedule2-time-zone&quot;:&quot;&quot;,&quot;ycd-schedule2-from&quot;:&quot;&quot;,&quot;ycd-schedule2-to&quot;:&quot;&quot;,&quot;ycd-schedule3-time-zone&quot;:&quot;&quot;,&quot;ycd-schedule3-time&quot;:&quot;&quot;,&quot;ycd-woo-condition&quot;:&quot;disabled&quot;,&quot;ycd-countdown-start-date&quot;:&quot;2022-06-09 10:59&quot;,&quot;ycd-countdown-start-time-zone&quot;:&quot;America\\\/New_York&quot;,&quot;ycd-countdown-end-sound-url&quot;:&quot;http:\\\/\\\/www.onkolojihemsireligi.com\\\/wp-content\\\/plugins\\\/countdown-builder\\\/lib\\\/alarm.mp3&quot;,&quot;ycd-custom-css&quot;:&quot;&quot;,&quot;ycd-custom-js&quot;:&quot;&quot;,&quot;ycd-subscribe-width&quot;:&quot;100%&quot;,&quot;ycd-form-above-text&quot;:&quot;Join Our Newsletter&quot;,&quot;ycd-form-input-text&quot;:&quot;Enter your email here&quot;,&quot;ycd-form-submit-text&quot;:&quot;Subscribe&quot;,&quot;ycd-form-submit-color&quot;:&quot;#3274d1&quot;,&quot;ycd-subscribe-success-message&quot;:&quot;Thanks for subscribing.&quot;,&quot;ycd-subscribe-error-message&quot;:&quot;Invalid email address.&quot;,&quot;ycd-countdown-expire-behavior&quot;:&quot;hideCountdown&quot;,&quot;ycd-expire-text&quot;:&quot;&quot;,&quot;ycd-expire-url&quot;:&quot;&quot;,&quot;ycd-button-name&quot;:&quot;Buy Now&quot;,&quot;ycd-button-width&quot;:&quot;200px&quot;,&quot;ycd-button-height&quot;:&quot;50px&quot;,&quot;ycd-button-border-width&quot;:&quot;0px&quot;,&quot;ycd-button-border-radius&quot;:&quot;5&quot;,&quot;ycd-button-margin-top&quot;:&quot;0px&quot;,&quot;ycd-button-margin-right&quot;:&quot;0px&quot;,&quot;ycd-button-margin-bottom&quot;:&quot;0px&quot;,&quot;ycd-button-margin-left&quot;:&quot;0px&quot;,&quot;ycd-button-opacity&quot;:&quot;1&quot;,&quot;ycd-button-font-size&quot;:&quot;14px&quot;,&quot;ycd-button-bg-color&quot;:&quot;#4dba7a&quot;,&quot;ycd-button-color&quot;:&quot;#ffffff&quot;,&quot;ycd-button-border-color&quot;:&quot;&quot;,&quot;ycd-button-hover-animation-speed&quot;:&quot;&quot;,&quot;ycd-button-hover-bg-color&quot;:&quot;#4dba7a&quot;,&quot;ycd-button-hover-color&quot;:&quot;#ffffff&quot;,&quot;ycd-countdown-button-behavior&quot;:&quot;redirect&quot;,&quot;ycd-button-action-url&quot;:&quot;http:\\\/\\\/www.onkolojihemsireligi.com\\\/eng&quot;,&quot;ycd-scroll-to-selector&quot;:&quot;&quot;,&quot;ycd-animation-speed&quot;:&quot;&quot;,&quot;ycd-download-url&quot;:&quot;&quot;,&quot;ycd-download-name&quot;:&quot;&quot;,&quot;ycd-button-copy-text&quot;:&quot;&quot;,&quot;ycd-button-alert-text&quot;:&quot;&quot;,&quot;ycd-date-progress-start-date&quot;:&quot;2019-08-05 21:06&quot;,&quot;ycd-progress-width&quot;:&quot;&quot;,&quot;ycd-progress-height&quot;:&quot;&quot;,&quot;ycd-progress-main-color&quot;:&quot;&quot;,&quot;ycd-progress-color&quot;:&quot;&quot;,&quot;ycd-progress-text-color&quot;:&quot;&quot;,&quot;ycd-text-font-size&quot;:&quot;9&quot;,&quot;ycd-text-margin-top&quot;:&quot;0&quot;,&quot;ycd-countdown-font-weight&quot;:&quot;normal&quot;,&quot;ycd-countdown-font-style&quot;:&quot;initial&quot;,&quot;ycd-text-font-family&quot;:&quot;Century Gothic&quot;,&quot;ycd-text-font-family-custom&quot;:&quot;&quot;,&quot;ycd-countdown-number-size&quot;:&quot;35&quot;,&quot;ycd-number-margin-top&quot;:&quot;0&quot;,&quot;ycd-countdown-number-font-weight&quot;:&quot;bold&quot;,&quot;ycd-countdown-number-font-style&quot;:&quot;normal&quot;,&quot;ycd-countdown-number-font&quot;:&quot;inherit&quot;,&quot;ycd-number-font-family-custom&quot;:&quot;&quot;,&quot;ycd-countdown-years-text&quot;:&quot;Years&quot;,&quot;ycd-countdown-years-color&quot;:&quot;#a52a2a&quot;,&quot;ycd-countdown-years-text-color&quot;:&quot;#000000&quot;,&quot;ycd-countdown-months-text&quot;:&quot;Months&quot;,&quot;ycd-countdown-months-color&quot;:&quot;#8a2be2&quot;,&quot;ycd-countdown-months-text-color&quot;:&quot;#000000&quot;,&quot;ycd-countdown-days&quot;:&quot;on&quot;,&quot;ycd-countdown-days-text&quot;:&quot;DAY&quot;,&quot;ycd-countdown-days-color&quot;:&quot;#ffcc66&quot;,&quot;ycd-countdown-days-text-color&quot;:&quot;#000000&quot;,&quot;ycd-countdown-hours&quot;:&quot;on&quot;,&quot;ycd-countdown-hours-text&quot;:&quot;HOURS&quot;,&quot;ycd-countdown-hours-color&quot;:&quot;#99ccff&quot;,&quot;ycd-countdown-hours-text-color&quot;:&quot;#000000&quot;,&quot;ycd-countdown-minutes&quot;:&quot;on&quot;,&quot;ycd-countdown-minutes-text&quot;:&quot;MINUTES&quot;,&quot;ycd-countdown-minutes-color&quot;:&quot;#bbffbb&quot;,&quot;ycd-countdown-minutes-text-color&quot;:&quot;#000000&quot;,&quot;ycd-countdown-seconds&quot;:&quot;on&quot;,&quot;ycd-countdown-seconds-text&quot;:&quot;SECOND&quot;,&quot;ycd-countdown-seconds-color&quot;:&quot;#ff9999&quot;,&quot;ycd-countdown-seconds-text-color&quot;:&quot;#000000&quot;,&quot;ycd-circle-alignment&quot;:&quot;left&quot;,&quot;ycd-circle-animation&quot;:&quot;smooth&quot;,&quot;ycd-countdown-width&quot;:&quot;500&quot;,&quot;ycd-dimension-measure&quot;:&quot;px&quot;,&quot;ycd-countdown-background-circle&quot;:&quot;on&quot;,&quot;ycd-circle-bg-width&quot;:&quot;1.2&quot;,&quot;ycd-countdown-bg-circle-color&quot;:&quot;#60686f&quot;,&quot;ycd-countdown-direction&quot;:&quot;Clockwise&quot;,&quot;ycd-circle-width&quot;:&quot;0.1&quot;,&quot;ycd-circle-start-angle&quot;:&quot;0&quot;,&quot;ycd-bg-image-size&quot;:&quot;cover&quot;,&quot;ycd-bg-image-repeat&quot;:&quot;no-repeat&quot;,&quot;ycd-bg-image-url&quot;:&quot;&quot;,&quot;ycd-bg-video-url&quot;:&quot;&quot;,&quot;ycd-countdown-content-click-url&quot;:&quot;&quot;,&quot;ycd-countdown-expiration-time&quot;:&quot;1&quot;,&quot;ycd-circle-showing-animation&quot;:&quot;No effect&quot;,&quot;ycd-circle-showing-animation-speed&quot;:&quot;1&quot;,&quot;ycd-circle-box-shadow-horizontal-length&quot;:&quot;10&quot;,&quot;ycd-circle-box-shadow-vertical-length&quot;:&quot;10&quot;,&quot;ycd-circle-box-blur-radius&quot;:&quot;5&quot;,&quot;ycd-circle-box-spread-radius&quot;:&quot;1&quot;,&quot;ycd-circle-box-shadow-color&quot;:&quot;#ffffff&quot;,&quot;ycd-countdown-padding&quot;:&quot;0&quot;,&quot;ycd-circle-countdown-before-countdown&quot;:&quot;&quot;,&quot;ycd-circle-countdown-after-countdown&quot;:&quot;&quot;,&quot;ycd-circle-countdown-expiration-before-countdown&quot;:&quot;&quot;,&quot;ycd-circle-countdown-expiration-after-countdown&quot;:&quot;&quot;,&quot;ycd-tr&quot;:{&quot;{translationId}&quot;:{&quot;language&quot;:&quot;af&quot;,&quot;Years&quot;:&quot;&quot;,&quot;Months&quot;:&quot;&quot;,&quot;Days&quot;:&quot;&quot;,&quot;Hours&quot;:&quot;&quot;,&quot;Minutes&quot;:&quot;&quot;,&quot;Seconds&quot;:&quot;&quot;}},&quot;ycd-type&quot;:&quot;circle&quot;,&quot;ycd-post-id&quot;:&quot;686&quot;,&quot;id&quot;:686}' data-timer=\"0\" style=\"background-image: url(); background-repeat: no-repeat; background-size: cover; ; width: 500px; height: 100%; padding: 0; box-sizing: border-box; background-color: inherit\"><\/div>\n        <\/div>\n\t\t<div class=\"ycd-circle-expiration-after-countdown\" data-key=\"\" style=\"display: none\"><\/div><div class=\"ycd-circle-after-countdown\" data-key=\"\"><\/div><\/div>\t    <style type=\"text\/css\">\n            #ycd-circle-686 {\n                padding: 0px;\n                box-sizing: border-box;\n                display: inline-block;\n            }\n            #ycd-circle-686 h4 {\n                font-size: 9px !important;\n                margin-top: 0px !important;\n                font-weight: normal !important;\n                font-style: initial !important;\n                font-family: Century Gothic !important;\n            }\n            #ycd-circle-686 span {\n                font-size: 35px !important;\n                margin-top: 0px !important;\n                font-weight: bold !important;\n                font-style: normal !important;\n                font-family: inherit !important;\n            }\n            #ycd-circle-686 .textDiv_Years h4,\n            #ycd-circle-686 .textDiv_Years span {\n                color: #000000            }\n            #ycd-circle-686 .textDiv_Months h4, \n            #ycd-circle-686 .textDiv_Months span {\n                color: #000000            }\n            #ycd-circle-686 .textDiv_Days h4, \n            #ycd-circle-686 .textDiv_Days span {\n                color: #000000            }\n            #ycd-circle-686 .textDiv_Hours h4,\n            #ycd-circle-686 .textDiv_Hours span {\n                color: #000000            }\n\n            #ycd-circle-686 .textDiv_Minutes h4, \n            #ycd-circle-686 .textDiv_Minutes span {\n                color: #000000            }\n            #ycd-circle-686 .textDiv_Seconds h4,\n            #ycd-circle-686 .textDiv_Seconds span {\n                color: #000000            }\n            .ycd-circle-686-wrapper {\n                text-align: left;\n            }\n                    <\/style>\n        <\/div><\/h3>\n<\/div><\/section>\n","protected":false},"excerpt":{"rendered":"","protected":false},"author":1,"featured_media":0,"parent":0,"menu_order":0,"comment_status":"closed","ping_status":"closed","template":"","meta":{"footnotes":""},"class_list":["post-20","page","type-page","status-publish","hentry"],"_links":{"self":[{"href":"https:\/\/www.onkolojihemsireligi.com\/eng\/wp-json\/wp\/v2\/pages\/20","targetHints":{"allow":["GET"]}}],"collection":[{"href":"https:\/\/www.onkolojihemsireligi.com\/eng\/wp-json\/wp\/v2\/pages"}],"about":[{"href":"https:\/\/www.onkolojihemsireligi.com\/eng\/wp-json\/wp\/v2\/types\/page"}],"author":[{"embeddable":true,"href":"https:\/\/www.onkolojihemsireligi.com\/eng\/wp-json\/wp\/v2\/users\/1"}],"replies":[{"embeddable":true,"href":"https:\/\/www.onkolojihemsireligi.com\/eng\/wp-json\/wp\/v2\/comments?post=20"}],"version-history":[{"count":88,"href":"https:\/\/www.onkolojihemsireligi.com\/eng\/wp-json\/wp\/v2\/pages\/20\/revisions"}],"predecessor-version":[{"id":1062,"href":"https:\/\/www.onkolojihemsireligi.com\/eng\/wp-json\/wp\/v2\/pages\/20\/revisions\/1062"}],"wp:attachment":[{"href":"https:\/\/www.onkolojihemsireligi.com\/eng\/wp-json\/wp\/v2\/media?parent=20"}],"curies":[{"name":"wp","href":"https:\/\/api.w.org\/{rel}","templated":true}]}}