{"id":715,"date":"2019-08-06T00:53:02","date_gmt":"2019-08-05T21:53:02","guid":{"rendered":"http:\/\/www.onkolojihemsireligi.com\/?page_id=715"},"modified":"2025-06-24T00:51:41","modified_gmt":"2025-06-23T21:51:41","slug":"scientific-committee","status":"publish","type":"page","link":"https:\/\/www.onkolojihemsireligi.com\/eng\/scientific-committee\/","title":{"rendered":"Scientific Committee"},"content":{"rendered":"<div id='layer_slider_1'  class='avia-layerslider main_color avia-shadow  avia-builder-el-0  el_before_av_heading  avia-builder-el-first  container_wrap sidebar_right' style='  height: 301px; max-width: 1366px; margin: 0 auto;' ><\/div><div id='after_layer_slider_1'  class='main_color av_default_container_wrap container_wrap sidebar_right' style=' '  ><div class='container' ><div class='template-page content  av-content-small alpha units'><div class='post-entry post-entry-type-page post-entry-715'><div class='entry-content-wrapper clearfix'>\n<div  style='padding-bottom:10px; ' class='av-special-heading av-special-heading-h3    avia-builder-el-1  el_after_av_layerslider  el_before_av_textblock  avia-builder-el-first  '><h3 class='av-special-heading-tag '  itemprop=\"headline\"  >Scientific Committee<\/h3><div class='special-heading-border'><div class='special-heading-inner-border' ><\/div><\/div><\/div>\n<section class=\"av_textblock_section \"  itemscope=\"itemscope\" itemtype=\"https:\/\/schema.org\/CreativeWork\" ><div class='avia_textblock  '   itemprop=\"text\" >\n<table id=\"tablepress-15\" class=\"tablepress tablepress-id-15\">\n<thead>\n<tr class=\"row-1 odd\">\n\t<th class=\"column-1\">SCIENTIFIC COMMITTEE<\/th>\n<\/tr>\n<\/thead>\n<tbody class=\"row-hover\">\n<tr class=\"row-2 even\">\n\t<td class=\"column-1\">Prof. Dr. Ali \u00c7AYK\u00d6YL\u00dc<\/td>\n<\/tr>\n<tr class=\"row-3 odd\">\n\t<td class=\"column-1\">Prof. Dr. Ayg\u00fcl AKY\u00dcZ<\/td>\n<\/tr>\n<tr class=\"row-4 even\">\n\t<td class=\"column-1\">Prof. Dr. Ay\u015fe KILI\u00c7 U\u00c7AR<\/td>\n<\/tr>\n<tr class=\"row-5 odd\">\n\t<td class=\"column-1\">Prof. Dr. Azize KARAHAN<\/td>\n<\/tr>\n<tr class=\"row-6 even\">\n\t<td class=\"column-1\">Prof. Dr. Caner KILI\u00c7<\/td>\n<\/tr>\n<tr class=\"row-7 odd\">\n\t<td class=\"column-1\">Prof. Dr. Cihangir \u00d6ZASLAN<\/td>\n<\/tr>\n<tr class=\"row-8 even\">\n\t<td class=\"column-1\">Prof. Dr. \u00c7i\u011fdem Y\u00dcKSEL<\/td>\n<\/tr>\n<tr class=\"row-9 odd\">\n\t<td class=\"column-1\">Prof. Dr. Dilek YILDIZ<\/td>\n<\/tr>\n<tr class=\"row-10 even\">\n\t<td class=\"column-1\">Prof. Dr. F. G\u00fcl\u00e7in \u015eENEL<\/td>\n<\/tr>\n<tr class=\"row-11 odd\">\n\t<td class=\"column-1\">Prof. Dr. Gonca O\u011eUZ<\/td>\n<\/tr>\n<tr class=\"row-12 even\">\n\t<td class=\"column-1\">Prof. Dr. G\u00f6kt\u00fcrk FINDIK<\/td>\n<\/tr>\n<tr class=\"row-13 odd\">\n\t<td class=\"column-1\">Prof. Dr. G\u00fclbeyaz CAN<\/td>\n<\/tr>\n<tr class=\"row-14 even\">\n\t<td class=\"column-1\">Prof. Dr. G\u00fclin U\u00c7MAK<\/td>\n<\/tr>\n<tr class=\"row-15 odd\">\n\t<td class=\"column-1\">Prof. Dr. G\u00fcl\u015fen TERAKYE<\/td>\n<\/tr>\n<tr class=\"row-16 even\">\n\t<td class=\"column-1\">Prof. Dr. G\u00fcl\u015fen VURAL<\/td>\n<\/tr>\n<tr class=\"row-17 odd\">\n\t<td class=\"column-1\">Prof. Dr. G\u00fclten G\u00dcVEN\u00c7<\/td>\n<\/tr>\n<tr class=\"row-18 even\">\n\t<td class=\"column-1\">Prof. Dr. Halil BA\u015eAR<\/td>\n<\/tr>\n<tr class=\"row-19 odd\">\n\t<td class=\"column-1\">Prof. Dr. Hatice AYHAN<\/td>\n<\/tr>\n<tr class=\"row-20 even\">\n\t<td class=\"column-1\">Prof. Dr. Mehmet Sinan DAL<\/td>\n<\/tr>\n<tr class=\"row-21 odd\">\n\t<td class=\"column-1\">Prof. Dr. Memnun SEVEN<\/td>\n<\/tr>\n<tr class=\"row-22 even\">\n\t<td class=\"column-1\">Prof. Dr. Meral DEM\u0130RALP<\/td>\n<\/tr>\n<tr class=\"row-23 odd\">\n\t<td class=\"column-1\">Prof. Dr. Merdiye \u015eEND\u0130R<\/td>\n<\/tr>\n<tr class=\"row-24 even\">\n\t<td class=\"column-1\">Prof. Dr. Murat KORKMAZ<\/td>\n<\/tr>\n<tr class=\"row-25 odd\">\n\t<td class=\"column-1\">Prof. Dr. Mustafa ERTEK<\/td>\n<\/tr>\n<tr class=\"row-26 even\">\n\t<td class=\"column-1\">Prof. Dr. Nur \u015eENEL<\/td>\n<\/tr>\n<tr class=\"row-27 odd\">\n\t<td class=\"column-1\">Prof. Dr. Nuran TOSUN<\/td>\n<\/tr>\n<tr class=\"row-28 even\">\n\t<td class=\"column-1\">Prof. Dr. Nurg\u00fcl PLAT\u0130N<\/td>\n<\/tr>\n<tr class=\"row-29 odd\">\n\t<td class=\"column-1\">Prof. Dr. Oya \u00dcM\u0130T YEM\u0130\u015e\u00c7\u0130<\/td>\n<\/tr>\n<tr class=\"row-30 even\">\n\t<td class=\"column-1\">Prof. Dr. \u00d6zg\u00fcr KARA<\/td>\n<\/tr>\n<tr class=\"row-31 odd\">\n\t<td class=\"column-1\">Prof. Dr. \u00d6zkan \u00dcNAL<\/td>\n<\/tr>\n<tr class=\"row-32 even\">\n\t<td class=\"column-1\">Prof. Dr. \u00d6zt\u00fcrk ATE\u015e<\/td>\n<\/tr>\n<tr class=\"row-33 odd\">\n\t<td class=\"column-1\">Prof. Dr. Perihan G\u00dcNER<\/td>\n<\/tr>\n<tr class=\"row-34 even\">\n\t<td class=\"column-1\">Prof. Dr. Selda \u00c7EL\u0130K<\/td>\n<\/tr>\n<tr class=\"row-35 odd\">\n\t<td class=\"column-1\">Prof. Dr. Sevgi HAT\u0130PO\u011eLU<\/td>\n<\/tr>\n<tr class=\"row-36 even\">\n\t<td class=\"column-1\">Prof. Dr. Sevin\u00e7 TA\u015eTAN<\/td>\n<\/tr>\n<tr class=\"row-37 odd\">\n\t<td class=\"column-1\">Prof. Dr. Sevgisun KAPUCU<\/td>\n<\/tr>\n<tr class=\"row-38 even\">\n\t<td class=\"column-1\">Prof. Dr. Sevilay \u015eENOL \u00c7EL\u0130K<\/td>\n<\/tr>\n<tr class=\"row-39 odd\">\n\t<td class=\"column-1\">Prof. Dr. Sevin\u00e7 KUTLUT\u00dcRKAN<\/td>\n<\/tr>\n<tr class=\"row-40 even\">\n\t<td class=\"column-1\">Prof. Dr. Sevin\u00e7 TA\u015eTAN<\/td>\n<\/tr>\n<tr class=\"row-41 odd\">\n\t<td class=\"column-1\">Prof. Dr. Soykan D\u0130N\u00c7<\/td>\n<\/tr>\n<tr class=\"row-42 even\">\n\t<td class=\"column-1\">Prof. Dr. Suat KUTUN<\/td>\n<\/tr>\n<tr class=\"row-43 odd\">\n\t<td class=\"column-1\">Prof. Dr. Sultan KAV<\/td>\n<\/tr>\n<tr class=\"row-44 even\">\n\t<td class=\"column-1\">Prof. Dr. S\u00fcheyla \u00dcNVER<\/td>\n<\/tr>\n<tr class=\"row-45 odd\">\n\t<td class=\"column-1\">Prof. Dr. Tuba DAL<\/td>\n<\/tr>\n<tr class=\"row-46 even\">\n\t<td class=\"column-1\">Prof. Dr. T\u00fclay BA\u015eAK<\/td>\n<\/tr>\n<tr class=\"row-47 odd\">\n\t<td class=\"column-1\">Prof. Dr. Vesile \u00dcNVER<\/td>\n<\/tr>\n<tr class=\"row-48 even\">\n\t<td class=\"column-1\">Do\u00e7. Dr. Ay\u015fe ARIKAN D\u00d6NMEZ<\/td>\n<\/tr>\n<tr class=\"row-49 odd\">\n\t<td class=\"column-1\">Do\u00e7. Dr. Banu \u00c7EV\u0130K<\/td>\n<\/tr>\n<tr class=\"row-50 even\">\n\t<td class=\"column-1\">Do\u00e7. Dr. Bediye \u00d6ZTA\u015e<\/td>\n<\/tr>\n<tr class=\"row-51 odd\">\n\t<td class=\"column-1\">Do\u00e7. Dr. Berna EREN F\u0130DANCI<\/td>\n<\/tr>\n<tr class=\"row-52 even\">\n\t<td class=\"column-1\">Do\u00e7. Dr. Co\u015fkun ULUCAK\u00d6Y<\/td>\n<\/tr>\n<tr class=\"row-53 odd\">\n\t<td class=\"column-1\">Do\u00e7. Dr. \u00c7i\u011fdem Y\u00dcKSEL<\/td>\n<\/tr>\n<tr class=\"row-54 even\">\n\t<td class=\"column-1\">Do\u00e7. Dr. Derya SULUHAN<\/td>\n<\/tr>\n<tr class=\"row-55 odd\">\n\t<td class=\"column-1\">Do\u00e7. Dr. Derya YEN\u0130BERT\u0130Z<\/td>\n<\/tr>\n<tr class=\"row-56 even\">\n\t<td class=\"column-1\">Do\u00e7. Dr. Dilek HAMURCU<\/td>\n<\/tr>\n<tr class=\"row-57 odd\">\n\t<td class=\"column-1\">Do\u00e7. Dr. Dilek KONUKBAY<\/td>\n<\/tr>\n<tr class=\"row-58 even\">\n\t<td class=\"column-1\">Do\u00e7. Dr. \u00c7i\u011fdem S\u00d6NMEZ<\/td>\n<\/tr>\n<tr class=\"row-59 odd\">\n\t<td class=\"column-1\">Do\u00e7. Dr. Ebru ATASEVER AKKA\u015e<\/td>\n<\/tr>\n<tr class=\"row-60 even\">\n\t<td class=\"column-1\">Do\u00e7. Dr. Emine \u00d6KS\u00dcZ<\/td>\n<\/tr>\n<tr class=\"row-61 odd\">\n\t<td class=\"column-1\">Do\u00e7. Dr. Emre Cemal G\u00d6K\u00c7E<\/td>\n<\/tr>\n<tr class=\"row-62 even\">\n\t<td class=\"column-1\">Do\u00e7. Dr. Fatih G\u00d6KSEL<\/td>\n<\/tr>\n<tr class=\"row-63 odd\">\n\t<td class=\"column-1\">Do\u00e7. Dr. Funda ATALAY<\/td>\n<\/tr>\n<tr class=\"row-64 even\">\n\t<td class=\"column-1\">Do\u00e7. Dr. Gamze SARIKO\u00c7<\/td>\n<\/tr>\n<tr class=\"row-65 odd\">\n\t<td class=\"column-1\">Do\u00e7. Dr. G\u00f6n\u00fcl KURT<\/td>\n<\/tr>\n<tr class=\"row-66 even\">\n\t<td class=\"column-1\">Do\u00e7. Dr. G\u00fclcan BA\u011eCIVAN<\/td>\n<\/tr>\n<tr class=\"row-67 odd\">\n\t<td class=\"column-1\">Do\u00e7. Dr. G\u00fcl\u015fah K\u00d6K<\/td>\n<\/tr>\n<tr class=\"row-68 even\">\n\t<td class=\"column-1\">Do\u00e7. Dr. G\u00fcl\u015fah K\u00d6SE<\/td>\n<\/tr>\n<tr class=\"row-69 odd\">\n\t<td class=\"column-1\">Do\u00e7. Dr. Halise CO\u015eKUN<\/td>\n<\/tr>\n<tr class=\"row-70 even\">\n\t<td class=\"column-1\">Do\u00e7. Dr. \u0130matullah AKYAR<\/td>\n<\/tr>\n<tr class=\"row-71 odd\">\n\t<td class=\"column-1\">Do\u00e7. Dr. Murat B\u00fclent K\u00dc\u00c7\u00dcKAY<\/td>\n<\/tr>\n<tr class=\"row-72 even\">\n\t<td class=\"column-1\">Do\u00e7. Dr. M\u00fcnevver S\u00d6NMEZ<\/td>\n<\/tr>\n<tr class=\"row-73 odd\">\n\t<td class=\"column-1\">Do\u00e7. Dr. Ne\u015fe UYSAL<\/td>\n<\/tr>\n<tr class=\"row-74 even\">\n\t<td class=\"column-1\">Do\u00e7. Dr. Nur \u0130ZG\u00dc<\/td>\n<\/tr>\n<tr class=\"row-75 odd\">\n\t<td class=\"column-1\">Do\u00e7. Dr. \u00d6zge \u00d6ZALP<\/td>\n<\/tr>\n<tr class=\"row-76 even\">\n\t<td class=\"column-1\">Do\u00e7. Dr. Remziye SEMERC\u0130<\/td>\n<\/tr>\n<tr class=\"row-77 odd\">\n\t<td class=\"column-1\">Do\u00e7. Dr. Saadet ALAN<\/td>\n<\/tr>\n<tr class=\"row-78 even\">\n\t<td class=\"column-1\">Do\u00e7. Dr. Serpil \u00d6ZDEM\u0130R<\/td>\n<\/tr>\n<tr class=\"row-79 odd\">\n\t<td class=\"column-1\">Do\u00e7. Dr. S\u00fcmeyra TOPAL<\/td>\n<\/tr>\n<tr class=\"row-80 even\">\n\t<td class=\"column-1\">Do\u00e7. Dr. \u015eeyma Zehra ALTUNK\u00dcREK<\/td>\n<\/tr>\n<tr class=\"row-81 odd\">\n\t<td class=\"column-1\">Do\u00e7. Dr. Yaman KARAKO\u00c7<\/td>\n<\/tr>\n<tr class=\"row-82 even\">\n\t<td class=\"column-1\">Do\u00e7. Dr. \u200b Zehra G\u00d6K MET\u0130N<\/td>\n<\/tr>\n<tr class=\"row-83 odd\">\n\t<td class=\"column-1\">Uzm. Dr. Arzu BABACAN<\/td>\n<\/tr>\n<tr class=\"row-84 even\">\n\t<td class=\"column-1\">Dr. \u00d6\u011fr. \u00dcyesi M\u00fcjgan ONARICI<\/td>\n<\/tr>\n<tr class=\"row-85 odd\">\n\t<td class=\"column-1\">* sorted by name<\/td>\n<\/tr>\n<\/tbody>\n<\/table>\n<!-- #tablepress-15 from cache -->\n<\/div><\/section>\n","protected":false},"excerpt":{"rendered":"","protected":false},"author":3,"featured_media":0,"parent":0,"menu_order":0,"comment_status":"closed","ping_status":"closed","template":"","meta":{"footnotes":""},"class_list":["post-715","page","type-page","status-publish","hentry"],"_links":{"self":[{"href":"https:\/\/www.onkolojihemsireligi.com\/eng\/wp-json\/wp\/v2\/pages\/715","targetHints":{"allow":["GET"]}}],"collection":[{"href":"https:\/\/www.onkolojihemsireligi.com\/eng\/wp-json\/wp\/v2\/pages"}],"about":[{"href":"https:\/\/www.onkolojihemsireligi.com\/eng\/wp-json\/wp\/v2\/types\/page"}],"author":[{"embeddable":true,"href":"https:\/\/www.onkolojihemsireligi.com\/eng\/wp-json\/wp\/v2\/users\/3"}],"replies":[{"embeddable":true,"href":"https:\/\/www.onkolojihemsireligi.com\/eng\/wp-json\/wp\/v2\/comments?post=715"}],"version-history":[{"count":7,"href":"https:\/\/www.onkolojihemsireligi.com\/eng\/wp-json\/wp\/v2\/pages\/715\/revisions"}],"predecessor-version":[{"id":1073,"href":"https:\/\/www.onkolojihemsireligi.com\/eng\/wp-json\/wp\/v2\/pages\/715\/revisions\/1073"}],"wp:attachment":[{"href":"https:\/\/www.onkolojihemsireligi.com\/eng\/wp-json\/wp\/v2\/media?parent=715"}],"curies":[{"name":"wp","href":"https:\/\/api.w.org\/{rel}","templated":true}]}}